{"id":1621,"date":"2017-05-28T17:03:57","date_gmt":"2017-05-28T17:03:57","guid":{"rendered":"http:\/\/energoprompt.hu\/?page_id=1621"},"modified":"2017-10-19T08:53:10","modified_gmt":"2017-10-19T08:53:10","slug":"minosegpolitika","status":"publish","type":"page","link":"https:\/\/energoprompt.hu\/en\/minosegpolitika\/","title":{"rendered":"Company Profile"},"content":{"rendered":"<p><div class=\"fusion-fullwidth fullwidth-box fusion-builder-row-2 hundred-percent-fullwidth non-hundred-percent-height-scrolling\" style=\"--awb-border-radius-top-left:0px;--awb-border-radius-top-right:0px;--awb-border-radius-bottom-right:0px;--awb-border-radius-bottom-left:0px;--awb-padding-top:70px;--awb-padding-right:100px;--awb-padding-bottom:50px;--awb-padding-left:100px;--awb-flex-wrap:wrap;\" ><div class=\"fusion-builder-row fusion-row\"><div class=\"fusion-layout-column fusion_builder_column fusion-builder-column-1 fusion_builder_column_1_1 1_1 fusion-one-full fusion-column-first fusion-column-last\" style=\"--awb-padding-right:200px;--awb-padding-left:200px;--awb-bg-size:cover;\"><div class=\"fusion-column-wrapper fusion-flex-column-wrapper-legacy\"><div class=\"fusion-sep-clear\"><\/div><div class=\"fusion-separator fusion-full-width-sep\" style=\"margin-left: auto;margin-right: auto;margin-top:10px;width:100%;\"><\/div><div class=\"fusion-sep-clear\"><\/div><div class=\"fusion-text fusion-text-2\"><p>Az ENERGO PROMPT Kft. vezet\u00e9s\u00e9nek alapvet\u0151 c\u00e9lja, hogy az energetikai berendez\u00e9sek, rendszerek tervez\u00e9s\u00e9t, kivitelez\u00e9s\u00e9t \u00e9s rekonstrukci\u00f3j\u00e1t a vev\u0151k elv\u00e1r\u00e1sainak megfelel\u0151en, megb\u00edzhat\u00f3 min\u0151s\u00e9gi szinten \u00e9s gazdas\u00e1gosan v\u00e9gezze.<\/p>\n<p>A t\u00e1rsas\u00e1g tervez\u00e9si \u00e9s f\u0151v\u00e1llalkoz\u00e1sban k\u00e9sz\u00fcl\u0151 kivitelez\u00e9si tev\u00e9kenys\u00e9g\u00e9nek min\u0151s\u00e9g\u00e9t minden esetben a vev\u0151k ig\u00e9nyei, a felhaszn\u00e1l\u00e1si c\u00e9lok \u00e9s a vonatkoz\u00f3 m\u0171szaki, biztons\u00e1gi \u00e9s k\u00f6rnyezetv\u00e9delmi el\u0151\u00edr\u00e1sok egy\u00fcttesen hat\u00e1rozz\u00e1k meg.<\/p>\n<p>A vonatkoz\u00f3 k\u00f6vetelm\u00e9nyeknek val\u00f3 folyamatos megfelel\u00e9s \u00e9rdek\u00e9ben 2002 \u00f3ta az MSZ EN ISO 9001 szerinti min\u0151s\u00e9gir\u00e1ny\u00edt\u00e1si rendszert haszn\u00e1ljuk.<\/p>\n<p>A min\u0151s\u00e9gir\u00e1ny\u00edt\u00e1si rendszer eredm\u00e9nyes m\u0171k\u00f6dtet\u00e9se biztos\u00edtja a szakmai tev\u00e9kenys\u00e9g minden elem\u00e9re kiterjed\u0151 folyamatszeml\u00e9let\u0171 megk\u00f6zel\u00edt\u00e9st \u00e9s a rendszerk\u00f6zpont\u00fa ir\u00e1ny\u00edt\u00e1st. A min\u0151s\u00e9gir\u00e1ny\u00edt\u00e1si rendszer hat\u00e1sos m\u0171k\u00f6dtet\u00e9s\u00e9\u00e9rt a min\u0151s\u00e9gir\u00e1ny\u00edt\u00e1s\u00e9rt felel\u0151s \u00fcgyvezet\u0151 felel\u0151s, aki felk\u00e9sz\u00fclt a rendszerm\u0171k\u00f6d\u00e9s szab\u00e1lyoz\u00e1s\u00e1ra \u00e9s folyamatos fejleszt\u00e9s\u00e9re.<\/p>\n<p>Az ENERGO PROMPT Kft. minden munkat\u00e1rsa felel\u0151s saj\u00e1t munkav\u00e9gz\u00e9s\u00e9nek min\u0151s\u00e9g\u00e9\u00e9rt, szakmai felk\u00e9sz\u00fclts\u00e9g\u00e9nek folyamatos fejleszt\u00e9s\u00e9\u00e9rt \u00e9s a bevezetett min\u0151s\u00e9gir\u00e1ny\u00edt\u00e1si rendszer hat\u00e9kony m\u0171k\u00f6dtet\u00e9s\u00e9\u00e9rt.<\/p>\n<p>A szakmai tev\u00e9kenys\u00e9g v\u00e9gz\u00e9s\u00e9hez sz\u00fcks\u00e9ges besz\u00e1ll\u00edt\u00f3k kiv\u00e1laszt\u00e1s\u00e1nak els\u0151dleges szempontja a min\u0151s\u00e9gk\u00e9pess\u00e9g \u00e9s a megb\u00edzhat\u00f3s\u00e1g.<\/p>\n<p>A munkat\u00e1rsak folyamatos k\u00e9pz\u00e9se, a korszer\u0171 tervez\u00e9si ir\u00e1nyok, az \u00faj konstrukci\u00f3s megold\u00e1sok bevezet\u00e9se \u00e9s alkalmaz\u00e1sa, az infrastrukt\u00fara tervszer\u0171 fejleszt\u00e9se biztos\u00edtja t\u00e1rsas\u00e1gunk eredm\u00e9nyes m\u0171k\u00f6d\u00e9s\u00e9nek folyamatoss\u00e1g\u00e1t.<\/p>\n<p>A t\u00e1rsas\u00e1g vezet\u00e9se kinyilv\u00e1n\u00edtja elk\u00f6telezetts\u00e9g\u00e9t a v\u00e1llalt tervez\u00e9si \u00e9s kivitelez\u00e9si tev\u00e9kenys\u00e9gekre el\u0151\u00edrt k\u00f6vetelm\u00e9nyek teljes\u00edt\u00e9se \u00e9s a min\u0151s\u00e9gc\u00e9lok megval\u00f3s\u00edt\u00e1sa ir\u00e1nt. T\u00f6rekszik a vev\u0151i megel\u00e9gedetts\u00e9gre \u00e9s a folyamatos rendszer-fejleszt\u00e9sre.<\/p>\n<p><em>Az el\u00e9gedett vev\u0151k biztos\u00edtj\u00e1k az ENERGO PROMPT Kft. m\u0171k\u00f6d\u00e9s\u00e9t \u00e9s\u00a0 folyamatos fejl\u0151d\u00e9s\u00e9t<\/em><\/p>\n<\/div><div class=\"fusion-clearfix\"><\/div><\/div><\/div><\/div><\/div><\/p>","protected":false},"excerpt":{"rendered":"","protected":false},"author":1,"featured_media":0,"parent":0,"menu_order":0,"comment_status":"closed","ping_status":"closed","template":"100-width.php","meta":{"_monsterinsights_skip_tracking":false,"_monsterinsights_sitenote_active":false,"_monsterinsights_sitenote_note":"","_monsterinsights_sitenote_category":0,"footnotes":""},"class_list":["post-1621","page","type-page","status-publish","hentry"],"yoast_head":"<!-- This site is optimized with the Yoast SEO plugin v27.4 - https:\/\/yoast.com\/product\/yoast-seo-wordpress\/ -->\n<title>Company Profile - ENERGO PROMPT M\u00e9rn\u00f6kiroda Kft.<\/title>\n<meta name=\"robots\" content=\"index, follow, max-snippet:-1, max-image-preview:large, max-video-preview:-1\" \/>\n<link rel=\"canonical\" href=\"https:\/\/energoprompt.hu\/en\/minosegpolitika\/\" \/>\n<meta property=\"og:locale\" content=\"en_US\" \/>\n<meta property=\"og:type\" content=\"article\" \/>\n<meta property=\"og:title\" content=\"[:hu]Min\u0151s\u00e9gpolitika[:en]Company Profile[:] - ENERGO PROMPT M\u00e9rn\u00f6kiroda Kft.\" \/>\n<meta property=\"og:url\" content=\"https:\/\/energoprompt.hu\/en\/minosegpolitika\/\" \/>\n<meta property=\"og:site_name\" content=\"ENERGO PROMPT M\u00e9rn\u00f6kiroda Kft.\" \/>\n<meta property=\"article:modified_time\" content=\"2017-10-19T08:53:10+00:00\" \/>\n<meta name=\"twitter:card\" content=\"summary_large_image\" \/>\n<meta name=\"twitter:label1\" content=\"Est. reading time\" \/>\n\t<meta name=\"twitter:data1\" content=\"6 minutes\" \/>\n<script type=\"application\/ld+json\" class=\"yoast-schema-graph\">{\"@context\":\"https:\\\/\\\/schema.org\",\"@graph\":[{\"@type\":\"WebPage\",\"@id\":\"https:\\\/\\\/energoprompt.hu\\\/en\\\/minosegpolitika\\\/\",\"url\":\"https:\\\/\\\/energoprompt.hu\\\/en\\\/minosegpolitika\\\/\",\"name\":\"[:hu]Min\u0151s\u00e9gpolitika[:en]Company Profile[:] - ENERGO PROMPT M\u00e9rn\u00f6kiroda Kft.\",\"isPartOf\":{\"@id\":\"https:\\\/\\\/energoprompt.hu\\\/en\\\/#website\"},\"datePublished\":\"2017-05-28T17:03:57+00:00\",\"dateModified\":\"2017-10-19T08:53:10+00:00\",\"breadcrumb\":{\"@id\":\"https:\\\/\\\/energoprompt.hu\\\/en\\\/minosegpolitika\\\/#breadcrumb\"},\"inLanguage\":\"en-US\",\"potentialAction\":[{\"@type\":\"ReadAction\",\"target\":[\"https:\\\/\\\/energoprompt.hu\\\/en\\\/minosegpolitika\\\/\"]}]},{\"@type\":\"BreadcrumbList\",\"@id\":\"https:\\\/\\\/energoprompt.hu\\\/en\\\/minosegpolitika\\\/#breadcrumb\",\"itemListElement\":[{\"@type\":\"ListItem\",\"position\":1,\"name\":\"Home\",\"item\":\"https:\\\/\\\/energoprompt.hu\\\/en\\\/\"},{\"@type\":\"ListItem\",\"position\":2,\"name\":\"Company Profile\"}]},{\"@type\":\"WebSite\",\"@id\":\"https:\\\/\\\/energoprompt.hu\\\/en\\\/#website\",\"url\":\"https:\\\/\\\/energoprompt.hu\\\/en\\\/\",\"name\":\"ENERGO PROMPT M\u00e9rn\u00f6kiroda Kft.\",\"description\":\"\",\"potentialAction\":[{\"@type\":\"SearchAction\",\"target\":{\"@type\":\"EntryPoint\",\"urlTemplate\":\"https:\\\/\\\/energoprompt.hu\\\/en\\\/?s={search_term_string}\"},\"query-input\":{\"@type\":\"PropertyValueSpecification\",\"valueRequired\":true,\"valueName\":\"search_term_string\"}}],\"inLanguage\":\"en-US\"}]}<\/script>\n<!-- \/ Yoast SEO plugin. -->","yoast_head_json":{"title":"[:hu]Min\u0151s\u00e9gpolitika[:en]Company Profile[:] - ENERGO PROMPT M\u00e9rn\u00f6kiroda Kft.","robots":{"index":"index","follow":"follow","max-snippet":"max-snippet:-1","max-image-preview":"max-image-preview:large","max-video-preview":"max-video-preview:-1"},"canonical":"https:\/\/energoprompt.hu\/en\/minosegpolitika\/","og_locale":"en_US","og_type":"article","og_title":"[:hu]Min\u0151s\u00e9gpolitika[:en]Company Profile[:] - ENERGO PROMPT M\u00e9rn\u00f6kiroda Kft.","og_url":"https:\/\/energoprompt.hu\/en\/minosegpolitika\/","og_site_name":"ENERGO PROMPT M\u00e9rn\u00f6kiroda Kft.","article_modified_time":"2017-10-19T08:53:10+00:00","twitter_card":"summary_large_image","twitter_misc":{"Est. reading time":"6 minutes"},"schema":{"@context":"https:\/\/schema.org","@graph":[{"@type":"WebPage","@id":"https:\/\/energoprompt.hu\/en\/minosegpolitika\/","url":"https:\/\/energoprompt.hu\/en\/minosegpolitika\/","name":"[:hu]Min\u0151s\u00e9gpolitika[:en]Company Profile[:] - ENERGO PROMPT M\u00e9rn\u00f6kiroda Kft.","isPartOf":{"@id":"https:\/\/energoprompt.hu\/en\/#website"},"datePublished":"2017-05-28T17:03:57+00:00","dateModified":"2017-10-19T08:53:10+00:00","breadcrumb":{"@id":"https:\/\/energoprompt.hu\/en\/minosegpolitika\/#breadcrumb"},"inLanguage":"en-US","potentialAction":[{"@type":"ReadAction","target":["https:\/\/energoprompt.hu\/en\/minosegpolitika\/"]}]},{"@type":"BreadcrumbList","@id":"https:\/\/energoprompt.hu\/en\/minosegpolitika\/#breadcrumb","itemListElement":[{"@type":"ListItem","position":1,"name":"Home","item":"https:\/\/energoprompt.hu\/en\/"},{"@type":"ListItem","position":2,"name":"Company Profile"}]},{"@type":"WebSite","@id":"https:\/\/energoprompt.hu\/en\/#website","url":"https:\/\/energoprompt.hu\/en\/","name":"ENERGO PROMPT M\u00e9rn\u00f6kiroda Kft.","description":"","potentialAction":[{"@type":"SearchAction","target":{"@type":"EntryPoint","urlTemplate":"https:\/\/energoprompt.hu\/en\/?s={search_term_string}"},"query-input":{"@type":"PropertyValueSpecification","valueRequired":true,"valueName":"search_term_string"}}],"inLanguage":"en-US"}]}},"_links":{"self":[{"href":"https:\/\/energoprompt.hu\/en\/wp-json\/wp\/v2\/pages\/1621","targetHints":{"allow":["GET"]}}],"collection":[{"href":"https:\/\/energoprompt.hu\/en\/wp-json\/wp\/v2\/pages"}],"about":[{"href":"https:\/\/energoprompt.hu\/en\/wp-json\/wp\/v2\/types\/page"}],"author":[{"embeddable":true,"href":"https:\/\/energoprompt.hu\/en\/wp-json\/wp\/v2\/users\/1"}],"replies":[{"embeddable":true,"href":"https:\/\/energoprompt.hu\/en\/wp-json\/wp\/v2\/comments?post=1621"}],"version-history":[{"count":20,"href":"https:\/\/energoprompt.hu\/en\/wp-json\/wp\/v2\/pages\/1621\/revisions"}],"predecessor-version":[{"id":2121,"href":"https:\/\/energoprompt.hu\/en\/wp-json\/wp\/v2\/pages\/1621\/revisions\/2121"}],"wp:attachment":[{"href":"https:\/\/energoprompt.hu\/en\/wp-json\/wp\/v2\/media?parent=1621"}],"curies":[{"name":"wp","href":"https:\/\/api.w.org\/{rel}","templated":true}]}}