{"id":1618,"date":"2017-05-28T17:03:41","date_gmt":"2017-05-28T17:03:41","guid":{"rendered":"http:\/\/energoprompt.hu\/?page_id=1618"},"modified":"2022-09-02T07:28:50","modified_gmt":"2022-09-02T07:28:50","slug":"ceginformacio-2","status":"publish","type":"page","link":"https:\/\/energoprompt.hu\/en\/ceginformacio-2\/","title":{"rendered":"Company profile"},"content":{"rendered":"<p><div class=\"fusion-fullwidth fullwidth-box fusion-builder-row-2 nonhundred-percent-fullwidth non-hundred-percent-height-scrolling\" style=\"--awb-border-radius-top-left:0px;--awb-border-radius-top-right:0px;--awb-border-radius-bottom-right:0px;--awb-border-radius-bottom-left:0px;--awb-flex-wrap:wrap;\" ><div class=\"fusion-builder-row fusion-row\"><div class=\"fusion-layout-column fusion_builder_column fusion-builder-column-2 fusion_builder_column_1_2 1_2 fusion-one-half fusion-column-first\" style=\"--awb-bg-size:cover;width:50%;width:calc(50% - ( ( 4% ) * 0.5 ) );margin-right: 4%;\"><div class=\"fusion-column-wrapper fusion-flex-column-wrapper-legacy\"><div class=\"fusion-image-element in-legacy-container\" style=\"--awb-caption-title-font-family:var(--h2_typography-font-family);--awb-caption-title-font-weight:var(--h2_typography-font-weight);--awb-caption-title-font-style:var(--h2_typography-font-style);--awb-caption-title-size:var(--h2_typography-font-size);--awb-caption-title-transform:var(--h2_typography-text-transform);--awb-caption-title-line-height:var(--h2_typography-line-height);--awb-caption-title-letter-spacing:var(--h2_typography-letter-spacing);\"><span class=\" fusion-imageframe imageframe-none imageframe-4 hover-type-none\"><img decoding=\"async\" width=\"220\" height=\"115\" title=\"logo3\" src=\"http:\/\/energoprompt.hu\/wp-content\/uploads\/logo3-e1493014564973.png\" alt class=\"img-responsive wp-image-1243\"\/><\/span><\/div><div class=\"fusion-sep-clear\"><\/div><div class=\"fusion-separator fusion-full-width-sep\" style=\"margin-left: auto;margin-right: auto;margin-top:10px;margin-bottom:10px;width:100%;\"><\/div><div class=\"fusion-sep-clear\"><\/div><div class=\"fusion-text fusion-text-2\"><p><strong>Company registration number:<\/strong><\/p>\n<p>01-09-078 897<\/p>\n<p><strong>Tax number:<\/strong><\/p>\n<p>105 998 62-2-43<\/p>\n<p><strong>Location:<\/strong><\/p>\n<p>1111 Budapest, Stoczek utca 19.<\/p>\n<p><strong>Bank account number:<\/strong><\/p>\n<p>11644006-04461800-44000005 (Erste HUF)<\/p>\n<p>14100196-62902049-01000009 (Sberbank HUF)<\/p>\n<p>14100196-62902048-01000000 (Cberbank EUR)<\/p>\n<\/div><div class=\"fusion-clearfix\"><\/div><\/div><\/div><div class=\"fusion-layout-column fusion_builder_column fusion-builder-column-3 fusion_builder_column_1_2 1_2 fusion-one-half fusion-column-last\" style=\"--awb-bg-size:cover;width:50%;width:calc(50% - ( ( 4% ) * 0.5 ) );\"><div class=\"fusion-column-wrapper fusion-flex-column-wrapper-legacy\"><div class=\"fusion-image-element in-legacy-container\" style=\"--awb-bottom-shadow-color:rgba(51,51,51,0.4);--awb-caption-title-font-family:var(--h2_typography-font-family);--awb-caption-title-font-weight:var(--h2_typography-font-weight);--awb-caption-title-font-style:var(--h2_typography-font-style);--awb-caption-title-size:var(--h2_typography-font-size);--awb-caption-title-transform:var(--h2_typography-text-transform);--awb-caption-title-line-height:var(--h2_typography-line-height);--awb-caption-title-letter-spacing:var(--h2_typography-letter-spacing);\"><div class=\"awb-image-frame awb-image-frame-5 fusion-image-frame-bottomshadow image-frame-shadow-5\"><span class=\" fusion-imageframe imageframe-bottomshadow imageframe-5 element-bottomshadow hover-type-none\"><img decoding=\"async\" width=\"4032\" height=\"3024\" title=\"IMG_2500\" src=\"http:\/\/energoprompt.hu\/wp-content\/uploads\/IMG_2500.jpg\" alt class=\"img-responsive wp-image-1750\" srcset=\"https:\/\/energoprompt.hu\/wp-content\/uploads\/IMG_2500-200x150.jpg 200w, https:\/\/energoprompt.hu\/wp-content\/uploads\/IMG_2500-400x300.jpg 400w, https:\/\/energoprompt.hu\/wp-content\/uploads\/IMG_2500-600x450.jpg 600w, https:\/\/energoprompt.hu\/wp-content\/uploads\/IMG_2500-800x600.jpg 800w, https:\/\/energoprompt.hu\/wp-content\/uploads\/IMG_2500-1200x900.jpg 1200w, https:\/\/energoprompt.hu\/wp-content\/uploads\/IMG_2500.jpg 4032w\" sizes=\"(max-width: 800px) 100vw, 600px\" \/><\/span><\/div><\/div><div class=\"fusion-sep-clear\"><\/div><div class=\"fusion-separator fusion-full-width-sep\" style=\"margin-left: auto;margin-right: auto;margin-top:10px;margin-bottom:10px;width:100%;\"><\/div><div class=\"fusion-sep-clear\"><\/div><div class=\"fusion-image-element in-legacy-container\" style=\"--awb-bottom-shadow-color:rgba(51,51,51,0.4);--awb-caption-title-font-family:var(--h2_typography-font-family);--awb-caption-title-font-weight:var(--h2_typography-font-weight);--awb-caption-title-font-style:var(--h2_typography-font-style);--awb-caption-title-size:var(--h2_typography-font-size);--awb-caption-title-transform:var(--h2_typography-text-transform);--awb-caption-title-line-height:var(--h2_typography-line-height);--awb-caption-title-letter-spacing:var(--h2_typography-letter-spacing);\"><div class=\"awb-image-frame awb-image-frame-6 fusion-image-frame-bottomshadow image-frame-shadow-6\"><span class=\" fusion-imageframe imageframe-bottomshadow imageframe-6 element-bottomshadow hover-type-none\"><img decoding=\"async\" width=\"2688\" height=\"1520\" title=\"F\u00fczesabonyFGHCS\" src=\"http:\/\/energoprompt.hu\/wp-content\/uploads\/F\u00fczesabonyFGHCS-1.jpg\" alt class=\"img-responsive wp-image-2002\" srcset=\"https:\/\/energoprompt.hu\/wp-content\/uploads\/F\u00fczesabonyFGHCS-1-200x113.jpg 200w, https:\/\/energoprompt.hu\/wp-content\/uploads\/F\u00fczesabonyFGHCS-1-400x226.jpg 400w, https:\/\/energoprompt.hu\/wp-content\/uploads\/F\u00fczesabonyFGHCS-1-600x339.jpg 600w, https:\/\/energoprompt.hu\/wp-content\/uploads\/F\u00fczesabonyFGHCS-1-800x452.jpg 800w, https:\/\/energoprompt.hu\/wp-content\/uploads\/F\u00fczesabonyFGHCS-1-1200x679.jpg 1200w, https:\/\/energoprompt.hu\/wp-content\/uploads\/F\u00fczesabonyFGHCS-1.jpg 2688w\" sizes=\"(max-width: 800px) 100vw, 600px\" \/><\/span><\/div><\/div><div class=\"fusion-clearfix\"><\/div><\/div><\/div><\/div><\/div><\/p>","protected":false},"excerpt":{"rendered":"","protected":false},"author":1,"featured_media":0,"parent":0,"menu_order":0,"comment_status":"closed","ping_status":"closed","template":"","meta":{"_monsterinsights_skip_tracking":false,"_monsterinsights_sitenote_active":false,"_monsterinsights_sitenote_note":"","_monsterinsights_sitenote_category":0,"footnotes":""},"class_list":["post-1618","page","type-page","status-publish","hentry"],"yoast_head":"<!-- This site is optimized with the Yoast SEO plugin v27.5 - https:\/\/yoast.com\/product\/yoast-seo-wordpress\/ -->\n<title>Company profile - ENERGO PROMPT M\u00e9rn\u00f6kiroda Kft.<\/title>\n<meta name=\"robots\" content=\"index, follow, max-snippet:-1, max-image-preview:large, max-video-preview:-1\" \/>\n<link rel=\"canonical\" href=\"https:\/\/energoprompt.hu\/en\/ceginformacio-2\/\" \/>\n<meta property=\"og:locale\" content=\"en_US\" \/>\n<meta property=\"og:type\" content=\"article\" \/>\n<meta property=\"og:title\" content=\"[:hu]C\u00e9ginform\u00e1ci\u00f3[:en]Company profile[:] - ENERGO PROMPT M\u00e9rn\u00f6kiroda Kft.\" \/>\n<meta property=\"og:url\" content=\"https:\/\/energoprompt.hu\/en\/ceginformacio-2\/\" \/>\n<meta property=\"og:site_name\" content=\"ENERGO PROMPT M\u00e9rn\u00f6kiroda Kft.\" \/>\n<meta property=\"article:modified_time\" content=\"2022-09-02T07:28:50+00:00\" \/>\n<meta name=\"twitter:card\" content=\"summary_large_image\" \/>\n<meta name=\"twitter:label1\" content=\"Est. reading time\" \/>\n\t<meta name=\"twitter:data1\" content=\"5 minutes\" \/>\n<script type=\"application\/ld+json\" class=\"yoast-schema-graph\">{\"@context\":\"https:\\\/\\\/schema.org\",\"@graph\":[{\"@type\":\"WebPage\",\"@id\":\"https:\\\/\\\/energoprompt.hu\\\/en\\\/ceginformacio-2\\\/\",\"url\":\"https:\\\/\\\/energoprompt.hu\\\/en\\\/ceginformacio-2\\\/\",\"name\":\"[:hu]C\u00e9ginform\u00e1ci\u00f3[:en]Company profile[:] - ENERGO PROMPT M\u00e9rn\u00f6kiroda Kft.\",\"isPartOf\":{\"@id\":\"https:\\\/\\\/energoprompt.hu\\\/en\\\/#website\"},\"datePublished\":\"2017-05-28T17:03:41+00:00\",\"dateModified\":\"2022-09-02T07:28:50+00:00\",\"breadcrumb\":{\"@id\":\"https:\\\/\\\/energoprompt.hu\\\/en\\\/ceginformacio-2\\\/#breadcrumb\"},\"inLanguage\":\"en-US\",\"potentialAction\":[{\"@type\":\"ReadAction\",\"target\":[\"https:\\\/\\\/energoprompt.hu\\\/en\\\/ceginformacio-2\\\/\"]}]},{\"@type\":\"BreadcrumbList\",\"@id\":\"https:\\\/\\\/energoprompt.hu\\\/en\\\/ceginformacio-2\\\/#breadcrumb\",\"itemListElement\":[{\"@type\":\"ListItem\",\"position\":1,\"name\":\"Home\",\"item\":\"https:\\\/\\\/energoprompt.hu\\\/en\\\/\"},{\"@type\":\"ListItem\",\"position\":2,\"name\":\"Company profile\"}]},{\"@type\":\"WebSite\",\"@id\":\"https:\\\/\\\/energoprompt.hu\\\/en\\\/#website\",\"url\":\"https:\\\/\\\/energoprompt.hu\\\/en\\\/\",\"name\":\"ENERGO PROMPT M\u00e9rn\u00f6kiroda Kft.\",\"description\":\"\",\"potentialAction\":[{\"@type\":\"SearchAction\",\"target\":{\"@type\":\"EntryPoint\",\"urlTemplate\":\"https:\\\/\\\/energoprompt.hu\\\/en\\\/?s={search_term_string}\"},\"query-input\":{\"@type\":\"PropertyValueSpecification\",\"valueRequired\":true,\"valueName\":\"search_term_string\"}}],\"inLanguage\":\"en-US\"}]}<\/script>\n<!-- \/ Yoast SEO plugin. -->","yoast_head_json":{"title":"[:hu]C\u00e9ginform\u00e1ci\u00f3[:en]Company profile[:] - ENERGO PROMPT M\u00e9rn\u00f6kiroda Kft.","robots":{"index":"index","follow":"follow","max-snippet":"max-snippet:-1","max-image-preview":"max-image-preview:large","max-video-preview":"max-video-preview:-1"},"canonical":"https:\/\/energoprompt.hu\/en\/ceginformacio-2\/","og_locale":"en_US","og_type":"article","og_title":"[:hu]C\u00e9ginform\u00e1ci\u00f3[:en]Company profile[:] - ENERGO PROMPT M\u00e9rn\u00f6kiroda Kft.","og_url":"https:\/\/energoprompt.hu\/en\/ceginformacio-2\/","og_site_name":"ENERGO PROMPT M\u00e9rn\u00f6kiroda Kft.","article_modified_time":"2022-09-02T07:28:50+00:00","twitter_card":"summary_large_image","twitter_misc":{"Est. reading time":"5 minutes"},"schema":{"@context":"https:\/\/schema.org","@graph":[{"@type":"WebPage","@id":"https:\/\/energoprompt.hu\/en\/ceginformacio-2\/","url":"https:\/\/energoprompt.hu\/en\/ceginformacio-2\/","name":"[:hu]C\u00e9ginform\u00e1ci\u00f3[:en]Company profile[:] - ENERGO PROMPT M\u00e9rn\u00f6kiroda Kft.","isPartOf":{"@id":"https:\/\/energoprompt.hu\/en\/#website"},"datePublished":"2017-05-28T17:03:41+00:00","dateModified":"2022-09-02T07:28:50+00:00","breadcrumb":{"@id":"https:\/\/energoprompt.hu\/en\/ceginformacio-2\/#breadcrumb"},"inLanguage":"en-US","potentialAction":[{"@type":"ReadAction","target":["https:\/\/energoprompt.hu\/en\/ceginformacio-2\/"]}]},{"@type":"BreadcrumbList","@id":"https:\/\/energoprompt.hu\/en\/ceginformacio-2\/#breadcrumb","itemListElement":[{"@type":"ListItem","position":1,"name":"Home","item":"https:\/\/energoprompt.hu\/en\/"},{"@type":"ListItem","position":2,"name":"Company profile"}]},{"@type":"WebSite","@id":"https:\/\/energoprompt.hu\/en\/#website","url":"https:\/\/energoprompt.hu\/en\/","name":"ENERGO PROMPT M\u00e9rn\u00f6kiroda Kft.","description":"","potentialAction":[{"@type":"SearchAction","target":{"@type":"EntryPoint","urlTemplate":"https:\/\/energoprompt.hu\/en\/?s={search_term_string}"},"query-input":{"@type":"PropertyValueSpecification","valueRequired":true,"valueName":"search_term_string"}}],"inLanguage":"en-US"}]}},"_links":{"self":[{"href":"https:\/\/energoprompt.hu\/en\/wp-json\/wp\/v2\/pages\/1618","targetHints":{"allow":["GET"]}}],"collection":[{"href":"https:\/\/energoprompt.hu\/en\/wp-json\/wp\/v2\/pages"}],"about":[{"href":"https:\/\/energoprompt.hu\/en\/wp-json\/wp\/v2\/types\/page"}],"author":[{"embeddable":true,"href":"https:\/\/energoprompt.hu\/en\/wp-json\/wp\/v2\/users\/1"}],"replies":[{"embeddable":true,"href":"https:\/\/energoprompt.hu\/en\/wp-json\/wp\/v2\/comments?post=1618"}],"version-history":[{"count":22,"href":"https:\/\/energoprompt.hu\/en\/wp-json\/wp\/v2\/pages\/1618\/revisions"}],"predecessor-version":[{"id":2417,"href":"https:\/\/energoprompt.hu\/en\/wp-json\/wp\/v2\/pages\/1618\/revisions\/2417"}],"wp:attachment":[{"href":"https:\/\/energoprompt.hu\/en\/wp-json\/wp\/v2\/media?parent=1618"}],"curies":[{"name":"wp","href":"https:\/\/api.w.org\/{rel}","templated":true}]}}