{"id":15,"date":"2015-12-04T02:09:37","date_gmt":"2015-12-04T02:09:37","guid":{"rendered":"http:\/\/theme-fusion.com\/avada\/construction\/?page_id=15"},"modified":"2022-09-02T08:21:10","modified_gmt":"2022-09-02T08:21:10","slug":"elerhetoseg","status":"publish","type":"page","link":"https:\/\/energoprompt.hu\/en\/elerhetoseg\/","title":{"rendered":"El\u00e9rhet\u0151s\u00e9g"},"content":{"rendered":"<p><div class=\"fusion-fullwidth fullwidth-box fusion-builder-row-3 hundred-percent-fullwidth non-hundred-percent-height-scrolling fusion-equal-height-columns\" style=\"--awb-background-position:left top;--awb-border-radius-top-left:0px;--awb-border-radius-top-right:0px;--awb-border-radius-bottom-right:0px;--awb-border-radius-bottom-left:0px;--awb-padding-right:0px;--awb-padding-left:0px;--awb-background-color:#ffffff;--awb-border-sizes-top:0px;--awb-border-sizes-bottom:0px;--awb-flex-wrap:wrap;\" ><div class=\"fusion-builder-row fusion-row\"><div class=\"fusion-layout-column fusion_builder_column fusion-builder-column-3 fusion_builder_column_1_3 1_3 fusion-one-third fusion-column-first fusion-column-no-min-height\" style=\"--awb-padding-top:85px;--awb-padding-right:20%;--awb-padding-bottom:85px;--awb-padding-left:20%;--awb-bg-size:cover;width:33.333333333333%;width:calc(33.333333333333% - ( ( 4% ) * 0.33333333333333 ) );margin-right: 4%;\"><div class=\"fusion-column-wrapper fusion-flex-column-wrapper-legacy\"><div class=\"fusion-column-content-centered\"><div class=\"fusion-column-content\"><div class=\"fusion-text fusion-text-9\"><h5 style=\"font-size: 15px; letter-spacing: 1px;\"><strong>OFFICE<\/strong><\/h5>\n<\/div><div class=\"fusion-sep-clear\"><\/div><div class=\"fusion-separator fusion-clearfix\" style=\"float:left;margin-bottom:30px;width:100%;max-width:24px;\"><div class=\"fusion-separator-border sep-single sep-solid\" style=\"--awb-height:20px;--awb-amount:20px;--awb-sep-color:#ff6501;border-color:#ff6501;border-top-width:2px;\"><\/div><\/div><div class=\"fusion-sep-clear\"><\/div><ul style=\"--awb-iconcolor:#717171;--awb-line-height:27.2px;--awb-icon-width:27.2px;--awb-icon-height:27.2px;--awb-icon-margin:11.2px;--awb-content-margin:38.4px;\" class=\"fusion-checklist fusion-checklist-2 fusion-checklist-default type-icons\"><li class=\"fusion-li-item\" style=\"\"><span class=\"icon-wrapper circle-no\"><i class=\"fusion-li-icon fa fa-home\" aria-hidden=\"true\"><\/i><\/span><div class=\"fusion-li-item-content\">\n<p>1111 Budapest,<br \/>\nStoczek u. 19.<\/p>\n<\/div><\/li><li class=\"fusion-li-item\" style=\"\"><span class=\"icon-wrapper circle-no\"><i class=\"fusion-li-icon fa fa-phone\" aria-hidden=\"true\"><\/i><\/span><div class=\"fusion-li-item-content\">\n<p><a class=\"fl r-iT1w3KL_SGEk\" title=\"H\u00edv\u00e1s a Hangouts haszn\u00e1lat\u00e1val\" data-number=\"+3614664195\" data-pstn-out-call-url=\"\" data-rtid=\"iT1w3KL_SGEk\" data-ved=\"0ahUKEwjf9J_Jp7bTAhXHVBQKHWOmAGQQkAgIdCgAMBA\">(1) 466 4195<\/a><\/p>\n<\/div><\/li><li class=\"fusion-li-item\" style=\"\"><span class=\"icon-wrapper circle-no\"><i class=\"fusion-li-icon fa fa-fax\" aria-hidden=\"true\"><\/i><\/span><div class=\"fusion-li-item-content\">\n<p><a class=\"fl r-iT1w3KL_SGEk\" title=\"H\u00edv\u00e1s a Hangouts haszn\u00e1lat\u00e1val\" data-number=\"+3614664195\" data-pstn-out-call-url=\"\" data-rtid=\"iT1w3KL_SGEk\" data-ved=\"0ahUKEwjf9J_Jp7bTAhXHVBQKHWOmAGQQkAgIdCgAMBA\">(1) 381 0509<\/a><\/p>\n<\/div><\/li><li class=\"fusion-li-item\" style=\"\"><span class=\"icon-wrapper circle-no\"><i class=\"fusion-li-icon fa fa-envelope-o\" aria-hidden=\"true\"><\/i><\/span><div class=\"fusion-li-item-content\">\n<p><a href=\"mailto:energo@energoprompt.hu\">energo@energoprompt.hu<\/a><\/p>\n<\/div><\/li><\/ul><div class=\"fusion-sep-clear\"><\/div><div class=\"fusion-separator fusion-full-width-sep\" style=\"margin-left: auto;margin-right: auto;margin-top:50px;margin-bottom:50px;width:100%;\"><\/div><div class=\"fusion-sep-clear\"><\/div><div class=\"fusion-text fusion-text-10\"><h3>Warehouse<\/h3>\n<\/div><div class=\"fusion-sep-clear\"><\/div><div class=\"fusion-separator fusion-clearfix\" style=\"float:left;margin-bottom:30px;width:100%;max-width:24px;\"><div class=\"fusion-separator-border sep-single sep-solid\" style=\"--awb-height:20px;--awb-amount:20px;--awb-sep-color:#ff6501;border-color:#ff6501;border-top-width:2px;\"><\/div><\/div><div class=\"fusion-sep-clear\"><\/div><div class=\"fusion-text fusion-text-11\"><div class=\"_5wd4 _1nc7\">\n<div class=\"_h8t\">\n<div class=\"_5wd9 direction_ltr\">\n<div class=\"_5wde _n4o\">\n<div class=\"_5w1r _3_om _5wdf\">\n<div class=\"_4gx_\">\n<div class=\"_d97\"><strong><span class=\"_5yl5\">44th of Fehervari Road Budapest 1117 Hungary<\/span><\/strong><\/div>\n<\/div>\n<\/div>\n<\/div>\n<\/div>\n<\/div>\n<\/div>\n<div class=\"_5wd4 _1nc7 _2cnu\">\n<div class=\"_h8t\">\n<div class=\"_5wd9 direction_ltr\">\n<div class=\"_5wde _n4o\">\n<div class=\"_5w1r _3_om _5wdf\">\n<div class=\"_4gx_\">\n<div class=\"_d97\"><span class=\"_5yl5\">(Customer Entry)<\/span><\/div>\n<\/div>\n<\/div>\n<\/div>\n<\/div>\n<\/div>\n<\/div>\n<div class=\"_5wd4 _1nc7\">\n<div class=\"_h8t\">\n<div class=\"_5wd9 direction_ltr\">\n<div class=\"_5wde _n4o\">\n<div class=\"_5w1r _3_om _5wdf\">\n<div class=\"_4gx_\">\n<div class=\"_d97\"><span class=\"_5yl5\">You can enter to the warehouse from Dombovari road, if your total weight of the vehicle is more than 3.5t please enter from Prielle Kornelia street.<\/span><\/div>\n<\/div>\n<\/div>\n<\/div>\n<\/div>\n<\/div>\n<\/div>\n<\/div><div class=\"fusion-sep-clear\"><\/div><div class=\"fusion-separator fusion-full-width-sep\" style=\"margin-left: auto;margin-right: auto;margin-top:50px;margin-bottom:50px;width:100%;\"><\/div><div class=\"fusion-sep-clear\"><\/div><div class=\"fusion-text fusion-text-12\"><h3>Staff<\/h3>\n<\/div><div class=\"fusion-sep-clear\"><\/div><div class=\"fusion-separator fusion-clearfix\" style=\"float:left;margin-bottom:30px;width:100%;max-width:24px;\"><div class=\"fusion-separator-border sep-single sep-solid\" style=\"--awb-height:20px;--awb-amount:20px;--awb-sep-color:#ff6501;border-color:#ff6501;border-top-width:2px;\"><\/div><\/div><div class=\"fusion-sep-clear\"><\/div><div class=\"fusion-text fusion-text-13\"><div class=\"_5wd4 _1nc7\">\n<div class=\"_h8t\">\n<div class=\"_5wd9 direction_ltr\">\n<div class=\"_5wde _n4o\">\n<div class=\"_5w1r _3_om _5wdf\">\n<div class=\"_4gx_\">\n<div class=\"_d97\"><i class=\"fb-icon-element-2 fb-icon-element fontawesome-icon fa fa-users circle-yes fusion-text-flow\" style=\"--awb-circlebordersize:1px;--awb-font-size:14.08px;--awb-width:28.16px;--awb-height:28.16px;--awb-line-height:26.16px;--awb-margin-right:8px;\"><\/i> Ismerje meg munkat\u00e1rsainkat<\/div>\n<\/div>\n<\/div>\n<\/div>\n<\/div>\n<\/div>\n<\/div>\n<\/div><div class=\"fusion-sep-clear\"><\/div><div class=\"fusion-separator fusion-full-width-sep\" style=\"margin-left: auto;margin-right: auto;margin-top:10px;margin-bottom:10px;width:100%;\"><\/div><div class=\"fusion-sep-clear\"><\/div><div class=\"fusion-button-wrapper\"><a class=\"fusion-button button-flat button-small button-default fusion-button-default button-2 fusion-button-default-span fusion-button-default-type\" target=\"_self\" href=\"https:\/\/energoprompt.hu\/en\/munkatarsak\/\"><span class=\"fusion-button-text\">Details<\/span><\/a><\/div><\/div><\/div><div class=\"fusion-clearfix\"><\/div><\/div><\/div><div class=\"fusion-layout-column fusion_builder_column fusion-builder-column-4 fusion_builder_column_2_3 2_3 fusion-two-third fusion-column-last fusion-column-no-min-height\" style=\"--awb-padding-top:85px;--awb-padding-right:12%;--awb-padding-bottom:85px;--awb-padding-left:12%;--awb-bg-size:cover;width:66.666666666667%;width:calc(66.666666666667% - ( ( 4% ) * 0.66666666666667 ) );\"><div class=\"fusion-column-wrapper fusion-flex-column-wrapper-legacy\"><div class=\"fusion-column-content-centered\"><div class=\"fusion-column-content\"><div class=\"fusion-text fusion-text-14\"><h2 style=\"text-align: center;\">Talk To Us \u2013 We\u2019re Here To Help<\/h2>\n<\/div><div class=\"fusion-sep-clear\"><\/div><div class=\"fusion-separator\" style=\"margin-left: auto;margin-right: auto;margin-top:0px;margin-bottom:30px;width:100%;max-width:206px;\"><div class=\"fusion-separator-border sep-single sep-solid\" style=\"--awb-height:20px;--awb-amount:20px;--awb-sep-color:#ff6501;border-color:#ff6501;border-top-width:2px;\"><\/div><\/div><div class=\"fusion-sep-clear\"><\/div><div class=\"fusion-text fusion-text-15\"><div class=\"page\" title=\"Page 1\">\n<div class=\"section\">\n<div class=\"layoutArea\">\n<div class=\"column\">\n<p style=\"text-align: center;\">Call us for more information on our services and products.<\/p>\n<\/div>\n<\/div>\n<\/div>\n<\/div>\n<\/div><div class=\"fusion-sep-clear\"><\/div><div class=\"fusion-separator fusion-full-width-sep\" style=\"margin-left: auto;margin-right: auto;margin-top:40px;width:100%;\"><\/div><div class=\"fusion-sep-clear\"><\/div>\n<div class=\"wpcf7 no-js\" id=\"wpcf7-f1205-o2\" lang=\"hu-HU\" dir=\"ltr\" data-wpcf7-id=\"1205\">\n<div class=\"screen-reader-response\"><p role=\"status\" aria-live=\"polite\" aria-atomic=\"true\"><\/p> <ul><\/ul><\/div>\n<form action=\"\/en\/wp-json\/wp\/v2\/pages\/15#wpcf7-f1205-o2\" method=\"post\" class=\"wpcf7-form init\" aria-label=\"Kapcsolatfelv\u00e9teli \u0171rlap\" novalidate=\"novalidate\" data-status=\"init\">\n<fieldset class=\"hidden-fields-container\"><input type=\"hidden\" name=\"_wpcf7\" value=\"1205\" \/><input type=\"hidden\" name=\"_wpcf7_version\" value=\"6.1.5\" \/><input type=\"hidden\" name=\"_wpcf7_locale\" value=\"hu_HU\" \/><input type=\"hidden\" name=\"_wpcf7_unit_tag\" value=\"wpcf7-f1205-o2\" \/><input type=\"hidden\" name=\"_wpcf7_container_post\" value=\"0\" \/><input type=\"hidden\" name=\"_wpcf7_posted_data_hash\" value=\"\" \/>\n<\/fieldset>\n<p><label> Name*<br \/>\n<span class=\"wpcf7-form-control-wrap\" data-name=\"your-name\"><input size=\"40\" maxlength=\"400\" class=\"wpcf7-form-control wpcf7-text wpcf7-validates-as-required\" aria-required=\"true\" aria-invalid=\"false\" value=\"\" type=\"text\" name=\"your-name\" \/><\/span> <\/label>\n<\/p>\n<p><label> Email*<br \/>\n<span class=\"wpcf7-form-control-wrap\" data-name=\"your-email\"><input size=\"40\" maxlength=\"400\" class=\"wpcf7-form-control wpcf7-email wpcf7-validates-as-required wpcf7-text wpcf7-validates-as-email\" aria-required=\"true\" aria-invalid=\"false\" value=\"\" type=\"email\" name=\"your-email\" \/><\/span> <\/label>\n<\/p>\n<p><label> Subject<br \/>\n<span class=\"wpcf7-form-control-wrap\" data-name=\"your-subject\"><input size=\"40\" maxlength=\"400\" class=\"wpcf7-form-control wpcf7-text\" aria-invalid=\"false\" value=\"\" type=\"text\" name=\"your-subject\" \/><\/span> <\/label>\n<\/p>\n<p><label> Your Message<br \/>\n<span class=\"wpcf7-form-control-wrap\" data-name=\"your-message\"><textarea cols=\"40\" rows=\"10\" maxlength=\"2000\" class=\"wpcf7-form-control wpcf7-textarea\" aria-invalid=\"false\" name=\"your-message\"><\/textarea><\/span> <\/label>\n<\/p>\n<p><input class=\"wpcf7-form-control wpcf7-submit has-spinner\" type=\"submit\" value=\"Send\" \/>\n<\/p><p style=\"display: none !important;\" class=\"akismet-fields-container\" data-prefix=\"_wpcf7_ak_\"><label>&#916;<textarea name=\"_wpcf7_ak_hp_textarea\" cols=\"45\" rows=\"8\" maxlength=\"100\"><\/textarea><\/label><input type=\"hidden\" id=\"ak_js_2\" name=\"_wpcf7_ak_js\" value=\"77\"\/><script type=\"text\/javascript\">\n\/* <![CDATA[ *\/\ndocument.getElementById( \"ak_js_2\" ).setAttribute( \"value\", ( new Date() ).getTime() );\n\/* ]]> *\/\n<\/script>\n<\/p><div class=\"fusion-alert alert custom alert-custom fusion-alert-center wpcf7-response-output awb-alert-native-link-color alert-dismissable awb-alert-close-boxed\" style=\"--awb-border-top-left-radius:0px;--awb-border-top-right-radius:0px;--awb-border-bottom-left-radius:0px;--awb-border-bottom-right-radius:0px;\" role=\"alert\"><div class=\"fusion-alert-content-wrapper\"><span class=\"fusion-alert-content\"><\/span><\/div><button type=\"button\" class=\"close toggle-alert\" data-dismiss=\"alert\" aria-label=\"Close\">&times;<\/button><\/div>\n<\/form>\n<\/div>\n<\/div><\/div><div class=\"fusion-clearfix\"><\/div><\/div><\/div><\/div><\/div><div class=\"fusion-fullwidth fullwidth-box fusion-builder-row-4 hundred-percent-fullwidth non-hundred-percent-height-scrolling fusion-equal-height-columns\" style=\"--awb-border-radius-top-left:0px;--awb-border-radius-top-right:0px;--awb-border-radius-bottom-right:0px;--awb-border-radius-bottom-left:0px;--awb-padding-top:0px;--awb-padding-right:0px;--awb-padding-bottom:0px;--awb-padding-left:0px;--awb-flex-wrap:wrap;\" ><div class=\"fusion-builder-row fusion-row\"><div class=\"fusion-layout-column fusion_builder_column fusion-builder-column-5 fusion_builder_column_1_1 1_1 fusion-one-full fusion-column-first fusion-column-last fusion-column-inner-bg-wrapper\" style=\"--awb-inner-bg-size:cover;\"><span class=\"fusion-column-inner-bg hover-type-none\"><a class=\"fusion-column-anchor\" href=\"https:\/\/www.google.hu\/maps\/dir\/\/Budapest,+Energo+Prompt+M\u00e9rn\u00f6kiroda+Kft.,+Stoczek+u.+19,+1111\/@47.4770598,19.0535728,17z\/data=!4m15!1m6!3m5!1s0x4741ddacc42f834f:0xa67d8ed1678560d8!2sEnergo+Prompt+M\u00e9rn\u00f6kiroda+Kft.!8m2!3d47.4770598!4d19.0557615!4m7!1m0!1m5!1m1!1s0x4741ddacc42f834f:0xa67d8ed1678560d8!2m2!1d19.0557615!2d47.4770598\"><span class=\"fusion-column-inner-bg-image\"><\/span><\/a><\/span><div class=\"fusion-column-wrapper fusion-flex-column-wrapper-legacy\">\t\t\t\t\t<script type=\"text\/javascript\">\n\t\t\t\t\t\tvar map_fusion_map_69ef56264b997;\n\t\t\t\t\t\tvar markers = [];\n\t\t\t\t\t\tvar counter = 0;\n\t\t\t\t\t\t\t\t\t\t\t\tfunction fusion_run_map_fusion_map_69ef56264b997() {\n\t\t\t\t\t\t\tjQuery('#fusion_map_69ef56264b997').fusion_maps({\n\t\t\t\t\t\t\t\taddresses: [{\"address\":\"1111 Budapest, Stoczek u. 19.\",\"infobox_content\":\"Energo Prompt M\\u00e9rn\\u00f6kiroda Kft. - 1111 Budapest, Stoczek u. 19.\",\"marker\":\"http:\\\/\\\/energoprompt.hu\\\/wp-content\\\/uploads\\\/Log\\u00f3-e1506428607375.png\",\"coordinates\":false,\"cache\":true,\"latitude\":\"47.4770598\",\"longitude\":\"19.055761500000017\"},{\"address\":\"1117 Budapest, Feh\\u00e9rv\\u00e1ri \\u00fat 44.\",\"infobox_content\":\" Energo Prompt M\\u00e9rn\\u00f6kiroda Kft. - Customer Entry - 1117 Budapest, Feh\\u00e9rv\\u00e1ri \\u00fat 44.\",\"marker\":\"http:\\\/\\\/energoprompt.hu\\\/wp-content\\\/uploads\\\/Log\\u00f3-e1506428607375.png\",\"coordinates\":false,\"cache\":true,\"latitude\":\"47.4705069\",\"longitude\":\"19.045425199999954\"}],\n\t\t\t\t\t\t\t\tanimations: false,\n\t\t\t\t\t\t\t\tinfobox_background_color: '',\n\t\t\t\t\t\t\t\tinfobox_styling: 'default',\n\t\t\t\t\t\t\t\tinfobox_text_color: '',\n\t\t\t\t\t\t\t\tmap_style: 'custom',\n\t\t\t\t\t\t\t\tmap_type: 'roadmap',\n\t\t\t\t\t\t\t\tmarker_icon: 'http:\/\/energoprompt.hu\/wp-content\/uploads\/Log\u00f3-e1506428607375.png|http:\/\/energoprompt.hu\/wp-content\/uploads\/Log\u00f3-e1506428607375.png',\n\t\t\t\t\t\t\t\toverlay_color: '#ff6501',\n\t\t\t\t\t\t\t\toverlay_color_hsl: {\"hue\":24,\"sat\":100,\"lum\":50},\n\t\t\t\t\t\t\t\tpan_control: true,\n\t\t\t\t\t\t\t\tshow_address: true,\n\t\t\t\t\t\t\t\tscale_control: true,\n\t\t\t\t\t\t\t\tscrollwheel: true,\n\t\t\t\t\t\t\t\tzoom: 14,\n\t\t\t\t\t\t\t\tzoom_control: true,\n\t\t\t\t\t\t\t});\n\t\t\t\t\t\t}\n\n\t\t\t\t\t\tgoogle.maps.event.addDomListener(window, 'load', fusion_run_map_fusion_map_69ef56264b997);\n\t\t\t\t\t<\/script>\n\t\t\t\t\t<div class=\"shortcode-map fusion-google-map fusion-maps-js-type\" style=\"--awb-height:600px;\" id=\"fusion_map_69ef56264b997\"><\/div><div class=\"fusion-clearfix\"><\/div><\/div><\/div><\/div><\/div><\/p>","protected":false},"excerpt":{"rendered":"","protected":false},"author":1,"featured_media":0,"parent":0,"menu_order":0,"comment_status":"closed","ping_status":"closed","template":"100-width.php","meta":{"_monsterinsights_skip_tracking":false,"_monsterinsights_sitenote_active":false,"_monsterinsights_sitenote_note":"","_monsterinsights_sitenote_category":0,"footnotes":""},"class_list":["post-15","page","type-page","status-publish","hentry"],"yoast_head":"<!-- This site is optimized with the Yoast SEO plugin v27.4 - https:\/\/yoast.com\/product\/yoast-seo-wordpress\/ -->\n<title>El\u00e9rhet\u0151s\u00e9g - ENERGO PROMPT M\u00e9rn\u00f6kiroda Kft.<\/title>\n<meta name=\"robots\" content=\"index, follow, max-snippet:-1, max-image-preview:large, max-video-preview:-1\" \/>\n<link rel=\"canonical\" href=\"https:\/\/energoprompt.hu\/elerhetoseg\/\" \/>\n<meta property=\"og:locale\" content=\"en_US\" \/>\n<meta property=\"og:type\" content=\"article\" \/>\n<meta property=\"og:title\" content=\"El\u00e9rhet\u0151s\u00e9g - ENERGO PROMPT M\u00e9rn\u00f6kiroda Kft.\" \/>\n<meta property=\"og:url\" content=\"https:\/\/energoprompt.hu\/elerhetoseg\/\" \/>\n<meta property=\"og:site_name\" content=\"ENERGO PROMPT M\u00e9rn\u00f6kiroda Kft.\" \/>\n<meta property=\"article:modified_time\" content=\"2022-09-02T08:21:10+00:00\" \/>\n<meta name=\"twitter:card\" content=\"summary_large_image\" \/>\n<meta name=\"twitter:label1\" content=\"Est. reading time\" \/>\n\t<meta name=\"twitter:data1\" content=\"12 minutes\" \/>\n<script type=\"application\/ld+json\" class=\"yoast-schema-graph\">{\"@context\":\"https:\\\/\\\/schema.org\",\"@graph\":[{\"@type\":\"WebPage\",\"@id\":\"https:\\\/\\\/energoprompt.hu\\\/elerhetoseg\\\/\",\"url\":\"https:\\\/\\\/energoprompt.hu\\\/elerhetoseg\\\/\",\"name\":\"El\u00e9rhet\u0151s\u00e9g - ENERGO PROMPT M\u00e9rn\u00f6kiroda Kft.\",\"isPartOf\":{\"@id\":\"https:\\\/\\\/energoprompt.hu\\\/en\\\/#website\"},\"datePublished\":\"2015-12-04T02:09:37+00:00\",\"dateModified\":\"2022-09-02T08:21:10+00:00\",\"breadcrumb\":{\"@id\":\"https:\\\/\\\/energoprompt.hu\\\/elerhetoseg\\\/#breadcrumb\"},\"inLanguage\":\"en-US\",\"potentialAction\":[{\"@type\":\"ReadAction\",\"target\":[\"https:\\\/\\\/energoprompt.hu\\\/elerhetoseg\\\/\"]}]},{\"@type\":\"BreadcrumbList\",\"@id\":\"https:\\\/\\\/energoprompt.hu\\\/elerhetoseg\\\/#breadcrumb\",\"itemListElement\":[{\"@type\":\"ListItem\",\"position\":1,\"name\":\"Home\",\"item\":\"https:\\\/\\\/energoprompt.hu\\\/en\\\/\"},{\"@type\":\"ListItem\",\"position\":2,\"name\":\"El\u00e9rhet\u0151s\u00e9g\"}]},{\"@type\":\"WebSite\",\"@id\":\"https:\\\/\\\/energoprompt.hu\\\/en\\\/#website\",\"url\":\"https:\\\/\\\/energoprompt.hu\\\/en\\\/\",\"name\":\"ENERGO PROMPT M\u00e9rn\u00f6kiroda Kft.\",\"description\":\"\",\"potentialAction\":[{\"@type\":\"SearchAction\",\"target\":{\"@type\":\"EntryPoint\",\"urlTemplate\":\"https:\\\/\\\/energoprompt.hu\\\/en\\\/?s={search_term_string}\"},\"query-input\":{\"@type\":\"PropertyValueSpecification\",\"valueRequired\":true,\"valueName\":\"search_term_string\"}}],\"inLanguage\":\"en-US\"}]}<\/script>\n<!-- \/ Yoast SEO plugin. -->","yoast_head_json":{"title":"El\u00e9rhet\u0151s\u00e9g - ENERGO PROMPT M\u00e9rn\u00f6kiroda Kft.","robots":{"index":"index","follow":"follow","max-snippet":"max-snippet:-1","max-image-preview":"max-image-preview:large","max-video-preview":"max-video-preview:-1"},"canonical":"https:\/\/energoprompt.hu\/elerhetoseg\/","og_locale":"en_US","og_type":"article","og_title":"El\u00e9rhet\u0151s\u00e9g - ENERGO PROMPT M\u00e9rn\u00f6kiroda Kft.","og_url":"https:\/\/energoprompt.hu\/elerhetoseg\/","og_site_name":"ENERGO PROMPT M\u00e9rn\u00f6kiroda Kft.","article_modified_time":"2022-09-02T08:21:10+00:00","twitter_card":"summary_large_image","twitter_misc":{"Est. reading time":"12 minutes"},"schema":{"@context":"https:\/\/schema.org","@graph":[{"@type":"WebPage","@id":"https:\/\/energoprompt.hu\/elerhetoseg\/","url":"https:\/\/energoprompt.hu\/elerhetoseg\/","name":"El\u00e9rhet\u0151s\u00e9g - ENERGO PROMPT M\u00e9rn\u00f6kiroda Kft.","isPartOf":{"@id":"https:\/\/energoprompt.hu\/en\/#website"},"datePublished":"2015-12-04T02:09:37+00:00","dateModified":"2022-09-02T08:21:10+00:00","breadcrumb":{"@id":"https:\/\/energoprompt.hu\/elerhetoseg\/#breadcrumb"},"inLanguage":"en-US","potentialAction":[{"@type":"ReadAction","target":["https:\/\/energoprompt.hu\/elerhetoseg\/"]}]},{"@type":"BreadcrumbList","@id":"https:\/\/energoprompt.hu\/elerhetoseg\/#breadcrumb","itemListElement":[{"@type":"ListItem","position":1,"name":"Home","item":"https:\/\/energoprompt.hu\/en\/"},{"@type":"ListItem","position":2,"name":"El\u00e9rhet\u0151s\u00e9g"}]},{"@type":"WebSite","@id":"https:\/\/energoprompt.hu\/en\/#website","url":"https:\/\/energoprompt.hu\/en\/","name":"ENERGO PROMPT M\u00e9rn\u00f6kiroda Kft.","description":"","potentialAction":[{"@type":"SearchAction","target":{"@type":"EntryPoint","urlTemplate":"https:\/\/energoprompt.hu\/en\/?s={search_term_string}"},"query-input":{"@type":"PropertyValueSpecification","valueRequired":true,"valueName":"search_term_string"}}],"inLanguage":"en-US"}]}},"_links":{"self":[{"href":"https:\/\/energoprompt.hu\/en\/wp-json\/wp\/v2\/pages\/15","targetHints":{"allow":["GET"]}}],"collection":[{"href":"https:\/\/energoprompt.hu\/en\/wp-json\/wp\/v2\/pages"}],"about":[{"href":"https:\/\/energoprompt.hu\/en\/wp-json\/wp\/v2\/types\/page"}],"author":[{"embeddable":true,"href":"https:\/\/energoprompt.hu\/en\/wp-json\/wp\/v2\/users\/1"}],"replies":[{"embeddable":true,"href":"https:\/\/energoprompt.hu\/en\/wp-json\/wp\/v2\/comments?post=15"}],"version-history":[{"count":112,"href":"https:\/\/energoprompt.hu\/en\/wp-json\/wp\/v2\/pages\/15\/revisions"}],"predecessor-version":[{"id":2429,"href":"https:\/\/energoprompt.hu\/en\/wp-json\/wp\/v2\/pages\/15\/revisions\/2429"}],"wp:attachment":[{"href":"https:\/\/energoprompt.hu\/en\/wp-json\/wp\/v2\/media?parent=15"}],"curies":[{"name":"wp","href":"https:\/\/api.w.org\/{rel}","templated":true}]}}